{"id":7732,"date":"2024-02-15T10:21:53","date_gmt":"2024-02-15T10:21:53","guid":{"rendered":"https:\/\/staging-www.onepulse.com\/sobre-nos\/"},"modified":"2024-05-21T09:26:40","modified_gmt":"2024-05-21T09:26:40","slug":"sobre-nos","status":"publish","type":"page","link":"https:\/\/www.onepulse.com\/pt-pt\/sobre-nos\/","title":{"rendered":"Sobre n\u00f3s"},"content":{"rendered":"","protected":false},"excerpt":{"rendered":"","protected":false},"author":3,"featured_media":6986,"parent":0,"menu_order":0,"comment_status":"closed","ping_status":"closed","template":"templates\/template-about.php","meta":{"content-type":"","inline_featured_image":false,"footnotes":""},"class_list":["post-7732","page","type-page","status-publish","has-post-thumbnail","hentry"],"acf":[],"yoast_head":"<!-- This site is optimized with the Yoast SEO Premium plugin v26.8 (Yoast SEO v27.4) - https:\/\/yoast.com\/product\/yoast-seo-premium-wordpress\/ -->\n<title>Sobre n\u00f3s | OnePulse<\/title>\n<meta name=\"description\" content=\"Na OnePulse, estamos a desafiar o status quo da ind\u00fastria da investiga\u00e7\u00e3o! Fica a saber mais sobre n\u00f3s e como nos destacamos da multid\u00e3o de outras aplica\u00e7\u00f5es.\" \/>\n<meta name=\"robots\" content=\"index, follow, max-snippet:-1, max-image-preview:large, max-video-preview:-1\" \/>\n<link rel=\"canonical\" href=\"https:\/\/www.onepulse.com\/pt-pt\/sobre-nos\/\" \/>\n<meta property=\"og:locale\" content=\"pt_PT\" \/>\n<meta property=\"og:type\" content=\"article\" \/>\n<meta property=\"og:title\" content=\"Sobre n\u00f3s | OnePulse\" \/>\n<meta property=\"og:description\" content=\"Na OnePulse, estamos a desafiar o status quo da ind\u00fastria da investiga\u00e7\u00e3o! Fica a saber mais sobre n\u00f3s e como nos destacamos da multid\u00e3o de outras aplica\u00e7\u00f5es.\" \/>\n<meta property=\"og:url\" content=\"https:\/\/www.onepulse.com\/pt-pt\/sobre-nos\/\" \/>\n<meta property=\"og:site_name\" content=\"OnePulse\" \/>\n<meta property=\"article:publisher\" content=\"https:\/\/www.facebook.com\/onepulseapp\" \/>\n<meta property=\"article:modified_time\" content=\"2024-05-21T09:26:40+00:00\" \/>\n<meta property=\"og:image\" content=\"https:\/\/www.onepulse.com\/wp-content\/uploads\/2024\/02\/about_img.png\" \/>\n\t<meta property=\"og:image:width\" content=\"2244\" \/>\n\t<meta property=\"og:image:height\" content=\"763\" \/>\n\t<meta property=\"og:image:type\" content=\"image\/png\" \/>\n<meta name=\"twitter:card\" content=\"summary_large_image\" \/>\n<meta name=\"twitter:site\" content=\"@OnePulseApp\" \/>\n<script type=\"application\/ld+json\" class=\"yoast-schema-graph\">{\"@context\":\"https:\\\/\\\/schema.org\",\"@graph\":[{\"@type\":\"WebPage\",\"@id\":\"https:\\\/\\\/www.onepulse.com\\\/pt-pt\\\/sobre-nos\\\/\",\"url\":\"https:\\\/\\\/www.onepulse.com\\\/pt-pt\\\/sobre-nos\\\/\",\"name\":\"Sobre n\u00f3s | OnePulse\",\"isPartOf\":{\"@id\":\"https:\\\/\\\/www.onepulse.com\\\/pt-pt\\\/#website\"},\"primaryImageOfPage\":{\"@id\":\"https:\\\/\\\/www.onepulse.com\\\/pt-pt\\\/sobre-nos\\\/#primaryimage\"},\"image\":{\"@id\":\"https:\\\/\\\/www.onepulse.com\\\/pt-pt\\\/sobre-nos\\\/#primaryimage\"},\"thumbnailUrl\":\"https:\\\/\\\/www.onepulse.com\\\/wp-content\\\/uploads\\\/2024\\\/02\\\/about_img.png\",\"datePublished\":\"2024-02-15T10:21:53+00:00\",\"dateModified\":\"2024-05-21T09:26:40+00:00\",\"description\":\"Na OnePulse, estamos a desafiar o status quo da ind\u00fastria da investiga\u00e7\u00e3o! Fica a saber mais sobre n\u00f3s e como nos destacamos da multid\u00e3o de outras aplica\u00e7\u00f5es.\",\"inLanguage\":\"pt-PT\",\"potentialAction\":[{\"@type\":\"ReadAction\",\"target\":[\"https:\\\/\\\/www.onepulse.com\\\/pt-pt\\\/sobre-nos\\\/\"]}]},{\"@type\":\"ImageObject\",\"inLanguage\":\"pt-PT\",\"@id\":\"https:\\\/\\\/www.onepulse.com\\\/pt-pt\\\/sobre-nos\\\/#primaryimage\",\"url\":\"https:\\\/\\\/www.onepulse.com\\\/wp-content\\\/uploads\\\/2024\\\/02\\\/about_img.png\",\"contentUrl\":\"https:\\\/\\\/www.onepulse.com\\\/wp-content\\\/uploads\\\/2024\\\/02\\\/about_img.png\",\"width\":2244,\"height\":763,\"caption\":\"onepulse\"},{\"@type\":\"WebSite\",\"@id\":\"https:\\\/\\\/www.onepulse.com\\\/pt-pt\\\/#website\",\"url\":\"https:\\\/\\\/www.onepulse.com\\\/pt-pt\\\/\",\"name\":\"OnePulse\",\"description\":\"\",\"publisher\":{\"@id\":\"https:\\\/\\\/www.onepulse.com\\\/pt-pt\\\/#organization\"},\"potentialAction\":[{\"@type\":\"SearchAction\",\"target\":{\"@type\":\"EntryPoint\",\"urlTemplate\":\"https:\\\/\\\/www.onepulse.com\\\/pt-pt\\\/?s={search_term_string}\"},\"query-input\":{\"@type\":\"PropertyValueSpecification\",\"valueRequired\":true,\"valueName\":\"search_term_string\"}}],\"inLanguage\":\"pt-PT\"},{\"@type\":\"Organization\",\"@id\":\"https:\\\/\\\/www.onepulse.com\\\/pt-pt\\\/#organization\",\"name\":\"Onepulse\",\"url\":\"https:\\\/\\\/www.onepulse.com\\\/pt-pt\\\/\",\"logo\":{\"@type\":\"ImageObject\",\"inLanguage\":\"pt-PT\",\"@id\":\"https:\\\/\\\/www.onepulse.com\\\/pt-pt\\\/#\\\/schema\\\/logo\\\/image\\\/\",\"url\":\"https:\\\/\\\/www.onepulse.com\\\/wp-content\\\/uploads\\\/2024\\\/02\\\/logo.svg\",\"contentUrl\":\"https:\\\/\\\/www.onepulse.com\\\/wp-content\\\/uploads\\\/2024\\\/02\\\/logo.svg\",\"width\":124,\"height\":36,\"caption\":\"Onepulse\"},\"image\":{\"@id\":\"https:\\\/\\\/www.onepulse.com\\\/pt-pt\\\/#\\\/schema\\\/logo\\\/image\\\/\"},\"sameAs\":[\"https:\\\/\\\/www.facebook.com\\\/onepulseapp\",\"https:\\\/\\\/x.com\\\/OnePulseApp\",\"https:\\\/\\\/www.instagram.com\\\/onepulseapp\",\"https:\\\/\\\/www.linkedin.com\\\/company\\\/onepulse\"]}]}<\/script>\n<!-- \/ Yoast SEO Premium plugin. -->","yoast_head_json":{"title":"Sobre n\u00f3s | OnePulse","description":"Na OnePulse, estamos a desafiar o status quo da ind\u00fastria da investiga\u00e7\u00e3o! Fica a saber mais sobre n\u00f3s e como nos destacamos da multid\u00e3o de outras aplica\u00e7\u00f5es.","robots":{"index":"index","follow":"follow","max-snippet":"max-snippet:-1","max-image-preview":"max-image-preview:large","max-video-preview":"max-video-preview:-1"},"canonical":"https:\/\/www.onepulse.com\/pt-pt\/sobre-nos\/","og_locale":"pt_PT","og_type":"article","og_title":"Sobre n\u00f3s | OnePulse","og_description":"Na OnePulse, estamos a desafiar o status quo da ind\u00fastria da investiga\u00e7\u00e3o! Fica a saber mais sobre n\u00f3s e como nos destacamos da multid\u00e3o de outras aplica\u00e7\u00f5es.","og_url":"https:\/\/www.onepulse.com\/pt-pt\/sobre-nos\/","og_site_name":"OnePulse","article_publisher":"https:\/\/www.facebook.com\/onepulseapp","article_modified_time":"2024-05-21T09:26:40+00:00","og_image":[{"width":2244,"height":763,"url":"https:\/\/www.onepulse.com\/wp-content\/uploads\/2024\/02\/about_img.png","type":"image\/png"}],"twitter_card":"summary_large_image","twitter_site":"@OnePulseApp","schema":{"@context":"https:\/\/schema.org","@graph":[{"@type":"WebPage","@id":"https:\/\/www.onepulse.com\/pt-pt\/sobre-nos\/","url":"https:\/\/www.onepulse.com\/pt-pt\/sobre-nos\/","name":"Sobre n\u00f3s | OnePulse","isPartOf":{"@id":"https:\/\/www.onepulse.com\/pt-pt\/#website"},"primaryImageOfPage":{"@id":"https:\/\/www.onepulse.com\/pt-pt\/sobre-nos\/#primaryimage"},"image":{"@id":"https:\/\/www.onepulse.com\/pt-pt\/sobre-nos\/#primaryimage"},"thumbnailUrl":"https:\/\/www.onepulse.com\/wp-content\/uploads\/2024\/02\/about_img.png","datePublished":"2024-02-15T10:21:53+00:00","dateModified":"2024-05-21T09:26:40+00:00","description":"Na OnePulse, estamos a desafiar o status quo da ind\u00fastria da investiga\u00e7\u00e3o! Fica a saber mais sobre n\u00f3s e como nos destacamos da multid\u00e3o de outras aplica\u00e7\u00f5es.","inLanguage":"pt-PT","potentialAction":[{"@type":"ReadAction","target":["https:\/\/www.onepulse.com\/pt-pt\/sobre-nos\/"]}]},{"@type":"ImageObject","inLanguage":"pt-PT","@id":"https:\/\/www.onepulse.com\/pt-pt\/sobre-nos\/#primaryimage","url":"https:\/\/www.onepulse.com\/wp-content\/uploads\/2024\/02\/about_img.png","contentUrl":"https:\/\/www.onepulse.com\/wp-content\/uploads\/2024\/02\/about_img.png","width":2244,"height":763,"caption":"onepulse"},{"@type":"WebSite","@id":"https:\/\/www.onepulse.com\/pt-pt\/#website","url":"https:\/\/www.onepulse.com\/pt-pt\/","name":"OnePulse","description":"","publisher":{"@id":"https:\/\/www.onepulse.com\/pt-pt\/#organization"},"potentialAction":[{"@type":"SearchAction","target":{"@type":"EntryPoint","urlTemplate":"https:\/\/www.onepulse.com\/pt-pt\/?s={search_term_string}"},"query-input":{"@type":"PropertyValueSpecification","valueRequired":true,"valueName":"search_term_string"}}],"inLanguage":"pt-PT"},{"@type":"Organization","@id":"https:\/\/www.onepulse.com\/pt-pt\/#organization","name":"Onepulse","url":"https:\/\/www.onepulse.com\/pt-pt\/","logo":{"@type":"ImageObject","inLanguage":"pt-PT","@id":"https:\/\/www.onepulse.com\/pt-pt\/#\/schema\/logo\/image\/","url":"https:\/\/www.onepulse.com\/wp-content\/uploads\/2024\/02\/logo.svg","contentUrl":"https:\/\/www.onepulse.com\/wp-content\/uploads\/2024\/02\/logo.svg","width":124,"height":36,"caption":"Onepulse"},"image":{"@id":"https:\/\/www.onepulse.com\/pt-pt\/#\/schema\/logo\/image\/"},"sameAs":["https:\/\/www.facebook.com\/onepulseapp","https:\/\/x.com\/OnePulseApp","https:\/\/www.instagram.com\/onepulseapp","https:\/\/www.linkedin.com\/company\/onepulse"]}]}},"_links":{"self":[{"href":"https:\/\/www.onepulse.com\/pt-pt\/wp-json\/wp\/v2\/pages\/7732","targetHints":{"allow":["GET"]}}],"collection":[{"href":"https:\/\/www.onepulse.com\/pt-pt\/wp-json\/wp\/v2\/pages"}],"about":[{"href":"https:\/\/www.onepulse.com\/pt-pt\/wp-json\/wp\/v2\/types\/page"}],"author":[{"embeddable":true,"href":"https:\/\/www.onepulse.com\/pt-pt\/wp-json\/wp\/v2\/users\/3"}],"replies":[{"embeddable":true,"href":"https:\/\/www.onepulse.com\/pt-pt\/wp-json\/wp\/v2\/comments?post=7732"}],"version-history":[{"count":1,"href":"https:\/\/www.onepulse.com\/pt-pt\/wp-json\/wp\/v2\/pages\/7732\/revisions"}],"predecessor-version":[{"id":7772,"href":"https:\/\/www.onepulse.com\/pt-pt\/wp-json\/wp\/v2\/pages\/7732\/revisions\/7772"}],"wp:featuredmedia":[{"embeddable":true,"href":"https:\/\/www.onepulse.com\/pt-pt\/wp-json\/wp\/v2\/media\/6986"}],"wp:attachment":[{"href":"https:\/\/www.onepulse.com\/pt-pt\/wp-json\/wp\/v2\/media?parent=7732"}],"curies":[{"name":"wp","href":"https:\/\/api.w.org\/{rel}","templated":true}]}}