{"id":8762,"date":"2024-02-14T15:07:22","date_gmt":"2024-02-14T15:07:22","guid":{"rendered":"https:\/\/staging-www.onepulse.com\/caracteristicas\/"},"modified":"2025-10-22T15:06:18","modified_gmt":"2025-10-22T15:06:18","slug":"caracteristicas","status":"publish","type":"page","link":"https:\/\/www.onepulse.com\/es\/caracteristicas\/","title":{"rendered":"Caracter\u00edsticas"},"content":{"rendered":"","protected":false},"excerpt":{"rendered":"","protected":false},"author":3,"featured_media":0,"parent":0,"menu_order":0,"comment_status":"closed","ping_status":"closed","template":"templates\/template-features.php","meta":{"content-type":"","inline_featured_image":false,"footnotes":""},"class_list":["post-8762","page","type-page","status-publish","hentry"],"acf":[],"yoast_head":"<!-- This site is optimized with the Yoast SEO Premium plugin v26.8 (Yoast SEO v27.0) - https:\/\/yoast.com\/product\/yoast-seo-premium-wordpress\/ -->\n<title>Informaci\u00f3n del consumidor en tiempo real | Resultados en 10 minutos | OnePulse<\/title>\n<meta name=\"description\" content=\"OnePulse es una soluci\u00f3n f\u00e1cil de usar para obtener informaci\u00f3n real e instant\u00e1nea del consumidor. Env\u00ede encuestas en tiempo real y obtenga datos confiables en solo minutos.\" \/>\n<meta name=\"robots\" content=\"index, follow, max-snippet:-1, max-image-preview:large, max-video-preview:-1\" \/>\n<link rel=\"canonical\" href=\"https:\/\/www.onepulse.com\/es\/caracteristicas\/\" \/>\n<meta property=\"og:locale\" content=\"es_ES\" \/>\n<meta property=\"og:type\" content=\"article\" \/>\n<meta property=\"og:title\" content=\"Informaci\u00f3n del consumidor en tiempo real | Resultados en 10 minutos | OnePulse\" \/>\n<meta property=\"og:description\" content=\"OnePulse es una soluci\u00f3n f\u00e1cil de usar para obtener informaci\u00f3n real e instant\u00e1nea del consumidor. Env\u00ede encuestas en tiempo real y obtenga datos confiables en solo minutos.\" \/>\n<meta property=\"og:url\" content=\"https:\/\/www.onepulse.com\/es\/caracteristicas\/\" \/>\n<meta property=\"og:site_name\" content=\"OnePulse\" \/>\n<meta property=\"article:publisher\" content=\"https:\/\/www.facebook.com\/onepulseapp\" \/>\n<meta property=\"article:modified_time\" content=\"2025-10-22T15:06:18+00:00\" \/>\n<meta name=\"twitter:card\" content=\"summary_large_image\" \/>\n<meta name=\"twitter:site\" content=\"@OnePulseApp\" \/>\n<script type=\"application\/ld+json\" class=\"yoast-schema-graph\">{\"@context\":\"https:\/\/schema.org\",\"@graph\":[{\"@type\":\"WebPage\",\"@id\":\"https:\/\/www.onepulse.com\/es\/caracteristicas\/\",\"url\":\"https:\/\/www.onepulse.com\/es\/caracteristicas\/\",\"name\":\"Informaci\u00f3n del consumidor en tiempo real | Resultados en 10 minutos | OnePulse\",\"isPartOf\":{\"@id\":\"https:\/\/www.onepulse.com\/es\/#website\"},\"datePublished\":\"2024-02-14T15:07:22+00:00\",\"dateModified\":\"2025-10-22T15:06:18+00:00\",\"description\":\"OnePulse es una soluci\u00f3n f\u00e1cil de usar para obtener informaci\u00f3n real e instant\u00e1nea del consumidor. Env\u00ede encuestas en tiempo real y obtenga datos confiables en solo minutos.\",\"inLanguage\":\"es\",\"potentialAction\":[{\"@type\":\"ReadAction\",\"target\":[\"https:\/\/www.onepulse.com\/es\/caracteristicas\/\"]}]},{\"@type\":\"WebSite\",\"@id\":\"https:\/\/www.onepulse.com\/es\/#website\",\"url\":\"https:\/\/www.onepulse.com\/es\/\",\"name\":\"OnePulse\",\"description\":\"\",\"publisher\":{\"@id\":\"https:\/\/www.onepulse.com\/es\/#organization\"},\"potentialAction\":[{\"@type\":\"SearchAction\",\"target\":{\"@type\":\"EntryPoint\",\"urlTemplate\":\"https:\/\/www.onepulse.com\/es\/?s={search_term_string}\"},\"query-input\":{\"@type\":\"PropertyValueSpecification\",\"valueRequired\":true,\"valueName\":\"search_term_string\"}}],\"inLanguage\":\"es\"},{\"@type\":\"Organization\",\"@id\":\"https:\/\/www.onepulse.com\/es\/#organization\",\"name\":\"Onepulse\",\"url\":\"https:\/\/www.onepulse.com\/es\/\",\"logo\":{\"@type\":\"ImageObject\",\"inLanguage\":\"es\",\"@id\":\"https:\/\/www.onepulse.com\/es\/#\/schema\/logo\/image\/\",\"url\":\"https:\/\/www.onepulse.com\/wp-content\/uploads\/2024\/02\/logo.svg\",\"contentUrl\":\"https:\/\/www.onepulse.com\/wp-content\/uploads\/2024\/02\/logo.svg\",\"width\":124,\"height\":36,\"caption\":\"Onepulse\"},\"image\":{\"@id\":\"https:\/\/www.onepulse.com\/es\/#\/schema\/logo\/image\/\"},\"sameAs\":[\"https:\/\/www.facebook.com\/onepulseapp\",\"https:\/\/x.com\/OnePulseApp\",\"https:\/\/www.instagram.com\/onepulseapp\",\"https:\/\/www.linkedin.com\/company\/onepulse\"]}]}<\/script>\n<!-- \/ Yoast SEO Premium plugin. -->","yoast_head_json":{"title":"Informaci\u00f3n del consumidor en tiempo real | Resultados en 10 minutos | OnePulse","description":"OnePulse es una soluci\u00f3n f\u00e1cil de usar para obtener informaci\u00f3n real e instant\u00e1nea del consumidor. Env\u00ede encuestas en tiempo real y obtenga datos confiables en solo minutos.","robots":{"index":"index","follow":"follow","max-snippet":"max-snippet:-1","max-image-preview":"max-image-preview:large","max-video-preview":"max-video-preview:-1"},"canonical":"https:\/\/www.onepulse.com\/es\/caracteristicas\/","og_locale":"es_ES","og_type":"article","og_title":"Informaci\u00f3n del consumidor en tiempo real | Resultados en 10 minutos | OnePulse","og_description":"OnePulse es una soluci\u00f3n f\u00e1cil de usar para obtener informaci\u00f3n real e instant\u00e1nea del consumidor. Env\u00ede encuestas en tiempo real y obtenga datos confiables en solo minutos.","og_url":"https:\/\/www.onepulse.com\/es\/caracteristicas\/","og_site_name":"OnePulse","article_publisher":"https:\/\/www.facebook.com\/onepulseapp","article_modified_time":"2025-10-22T15:06:18+00:00","twitter_card":"summary_large_image","twitter_site":"@OnePulseApp","schema":{"@context":"https:\/\/schema.org","@graph":[{"@type":"WebPage","@id":"https:\/\/www.onepulse.com\/es\/caracteristicas\/","url":"https:\/\/www.onepulse.com\/es\/caracteristicas\/","name":"Informaci\u00f3n del consumidor en tiempo real | Resultados en 10 minutos | OnePulse","isPartOf":{"@id":"https:\/\/www.onepulse.com\/es\/#website"},"datePublished":"2024-02-14T15:07:22+00:00","dateModified":"2025-10-22T15:06:18+00:00","description":"OnePulse es una soluci\u00f3n f\u00e1cil de usar para obtener informaci\u00f3n real e instant\u00e1nea del consumidor. Env\u00ede encuestas en tiempo real y obtenga datos confiables en solo minutos.","inLanguage":"es","potentialAction":[{"@type":"ReadAction","target":["https:\/\/www.onepulse.com\/es\/caracteristicas\/"]}]},{"@type":"WebSite","@id":"https:\/\/www.onepulse.com\/es\/#website","url":"https:\/\/www.onepulse.com\/es\/","name":"OnePulse","description":"","publisher":{"@id":"https:\/\/www.onepulse.com\/es\/#organization"},"potentialAction":[{"@type":"SearchAction","target":{"@type":"EntryPoint","urlTemplate":"https:\/\/www.onepulse.com\/es\/?s={search_term_string}"},"query-input":{"@type":"PropertyValueSpecification","valueRequired":true,"valueName":"search_term_string"}}],"inLanguage":"es"},{"@type":"Organization","@id":"https:\/\/www.onepulse.com\/es\/#organization","name":"Onepulse","url":"https:\/\/www.onepulse.com\/es\/","logo":{"@type":"ImageObject","inLanguage":"es","@id":"https:\/\/www.onepulse.com\/es\/#\/schema\/logo\/image\/","url":"https:\/\/www.onepulse.com\/wp-content\/uploads\/2024\/02\/logo.svg","contentUrl":"https:\/\/www.onepulse.com\/wp-content\/uploads\/2024\/02\/logo.svg","width":124,"height":36,"caption":"Onepulse"},"image":{"@id":"https:\/\/www.onepulse.com\/es\/#\/schema\/logo\/image\/"},"sameAs":["https:\/\/www.facebook.com\/onepulseapp","https:\/\/x.com\/OnePulseApp","https:\/\/www.instagram.com\/onepulseapp","https:\/\/www.linkedin.com\/company\/onepulse"]}]}},"_links":{"self":[{"href":"https:\/\/www.onepulse.com\/es\/wp-json\/wp\/v2\/pages\/8762","targetHints":{"allow":["GET"]}}],"collection":[{"href":"https:\/\/www.onepulse.com\/es\/wp-json\/wp\/v2\/pages"}],"about":[{"href":"https:\/\/www.onepulse.com\/es\/wp-json\/wp\/v2\/types\/page"}],"author":[{"embeddable":true,"href":"https:\/\/www.onepulse.com\/es\/wp-json\/wp\/v2\/users\/3"}],"replies":[{"embeddable":true,"href":"https:\/\/www.onepulse.com\/es\/wp-json\/wp\/v2\/comments?post=8762"}],"version-history":[{"count":8,"href":"https:\/\/www.onepulse.com\/es\/wp-json\/wp\/v2\/pages\/8762\/revisions"}],"predecessor-version":[{"id":17443,"href":"https:\/\/www.onepulse.com\/es\/wp-json\/wp\/v2\/pages\/8762\/revisions\/17443"}],"wp:attachment":[{"href":"https:\/\/www.onepulse.com\/es\/wp-json\/wp\/v2\/media?parent=8762"}],"curies":[{"name":"wp","href":"https:\/\/api.w.org\/{rel}","templated":true}]}}